{"id":89,"date":"2023-12-01T12:15:50","date_gmt":"2023-12-01T11:15:50","guid":{"rendered":"https:\/\/mentalhealthcounseling.amore.raidberry.com\/?page_id=89"},"modified":"2025-06-16T11:55:20","modified_gmt":"2025-06-16T09:55:20","slug":"contact","status":"publish","type":"page","link":"https:\/\/mentalhealthcounseling.at\/de\/contact\/","title":{"rendered":"Kontakt"},"content":{"rendered":"<h1>\n\t\t\tcontact\t<\/h1>\n\t<h2>Praxis<\/h2>\nAntonie-Alt-Gasse 4\/5, B\u00fcro 4<br \/>\n1100 Wien\n<p>U1 Keplerplatz (7 Min. Fu\u00dfweg) oder Stra\u00dfenbahn D Alfred Adler Stra\u00dfe (Haltestelle direkt vor der T\u00fcr)<\/p>\n<p>Alternativ: Hauptbahnhof, Stra\u00dfenbahn 18, Schnellbahn<\/p>\n\t<h2>Kontakt<\/h2>\n<p>Tel: <a href=\"tel:+4369915015570\">+43 699 150 155 70<\/a><\/p>\n<p>Email: <a href=\"mailto:bala.jujjavarapu@gmail.com\">bala.jujjavarapu@gmail.com<\/a><\/p>\n\t<h2>Zeitrahmen und Kosten<\/h2>\n<p>Eine Therapiesitzung dauert <strong>50 Minuten<\/strong> und findet entweder in meiner Praxis in der Antonie-Alt-Gasse in Wien oder online via Zoom statt. Die Erst- und Folgesitzungen kosten <strong>90 Euros<\/strong> pro Sitzung und bieten eine barrierefreie psychotherapeutische Unterst\u00fctzung. Bitte beachten Sie, dass aufgrund meines Status als Psychotherapeut in Ausbildung unter Supervision kein \u00f6sterreichischer Krankenkassenanspruch besteht.<\/p>\n\t\t\t\t<img decoding=\"async\" src=\"https:\/\/mentalhealthcounseling.at\/wp-content\/uploads\/2024\/02\/IMG_4705-773x1030-1.webp\" alt=\"IMG_4705-773x1030\" itemprop=\"image\" height=\"1030\" width=\"773\" title=\"IMG_4705-773x1030\" onerror=\"this.style.display='none'\" loading='lazy' \/>\n\t<h2>Stornierungsbedingungen<\/h2>\n<p>Ihr Wohlbefinden hat f\u00fcr mich Priorit\u00e4t, und ich verstehe, dass unvorhergesehene Umst\u00e4nde eintreten k\u00f6nnen. Um meine Verpflichtung, Ihnen den bestm\u00f6glichen Service zu bieten, zu erf\u00fcllen, bitte ich Sie, mich \u00fcber Termin\u00e4nderungen mindestens 48 Stunden im Voraus zu informieren. Ich danke Ihnen f\u00fcr Ihr Verst\u00e4ndnis und Ihre Mitarbeit.<\/p>\n<p>Bitte beachten Sie, dass Termine, die innerhalb von 48 Stunden vor der geplanten Zeit abgesagt werden, mit der vollen Sitzunggeb\u00fchr verrechnet werden. Diese Regelung erm\u00f6glicht es mir, die h\u00f6chsten Standards der Betreuung aufrechtzuerhalten und die Bed\u00fcrfnisse aller meiner Klienten effektiv zu ber\u00fccksichtigen. Ich danke Ihnen f\u00fcr Ihre R\u00fccksichtnahme und Ihr Vertrauen in unseren therapeutischen Prozess.<\/p>\n\t\t\t<a href=\"https:\/\/www.appointmed.com\/booking\/2391642-bala-raju-jujjavarapu\" target=\"_self\">\n\t\t\t\t\t\t\tJetzt buchen\n\t\t\t<\/a>","protected":false},"excerpt":{"rendered":"<p>contact Practice Antonie-Alt-Gasse 4\/5, B\u00fcro 4 1100 Wien U1 Keplerplatz (7 Min. walk) or Tram D Alfred Adler Stra\u00dfe (Tram stop right in front of the door) Alternative: Hauptbahnhof, Tram 18, Schnellbahn Contact details Tel: +43 699 150 155 70 Email: bala.jujjavarapu@gmail.com Duration and Fee One therapy session lasts 50 minutes and takes place either&hellip;<\/p>","protected":false},"author":2,"featured_media":0,"parent":0,"menu_order":0,"comment_status":"closed","ping_status":"closed","template":"","meta":{"footnotes":""},"class_list":["post-89","page","type-page","status-publish","hentry"],"_links":{"self":[{"href":"https:\/\/mentalhealthcounseling.at\/de\/wp-json\/wp\/v2\/pages\/89","targetHints":{"allow":["GET"]}}],"collection":[{"href":"https:\/\/mentalhealthcounseling.at\/de\/wp-json\/wp\/v2\/pages"}],"about":[{"href":"https:\/\/mentalhealthcounseling.at\/de\/wp-json\/wp\/v2\/types\/page"}],"author":[{"embeddable":true,"href":"https:\/\/mentalhealthcounseling.at\/de\/wp-json\/wp\/v2\/users\/2"}],"replies":[{"embeddable":true,"href":"https:\/\/mentalhealthcounseling.at\/de\/wp-json\/wp\/v2\/comments?post=89"}],"version-history":[{"count":10,"href":"https:\/\/mentalhealthcounseling.at\/de\/wp-json\/wp\/v2\/pages\/89\/revisions"}],"predecessor-version":[{"id":382,"href":"https:\/\/mentalhealthcounseling.at\/de\/wp-json\/wp\/v2\/pages\/89\/revisions\/382"}],"wp:attachment":[{"href":"https:\/\/mentalhealthcounseling.at\/de\/wp-json\/wp\/v2\/media?parent=89"}],"curies":[{"name":"wp","href":"https:\/\/api.w.org\/{rel}","templated":true}]}}