{"id":290,"date":"2024-02-27T15:44:20","date_gmt":"2024-02-27T14:44:20","guid":{"rendered":"https:\/\/mentalhealthcounseling.amore.raidberry.com\/?page_id=290"},"modified":"2025-04-16T13:43:58","modified_gmt":"2025-04-16T11:43:58","slug":"therapy","status":"publish","type":"page","link":"https:\/\/mentalhealthcounseling.at\/de\/therapy\/","title":{"rendered":"Therapie"},"content":{"rendered":"<h1>Therapie<\/h1>\r\n<p>Lassen Sie uns Ihren Gedanken neu formen und Ihre Geschichte neu schreiben.<\/p>\r\n<p>Sich auf den Weg der Psychotherapie zu begeben, ist ein mutiger Schritt zu pers\u00f6nlichem Wachstum und Wohlbefinden. In meiner Praxis setze ich mich daf\u00fcr ein, ein unterst\u00fctzendes und einf\u00fchlsames Umfeld f\u00fcr Menschen zu schaffen, die ihre Gedanken, Gef\u00fchle und Verhaltensweisen erkunden m\u00f6chten. Psychotherapie ist eine transformative Erfahrung, die positive Ver\u00e4nderungen f\u00f6rdert und Ihre allgemeine psychische Gesundheit verbessert.<\/p>\r\n<p>Psychotherapie hilft Ihnen dabei<\/p>\r\n<p><img loading=\"lazy\" decoding=\"async\" title=\"nadine-shaabana-DRzYMtae-vA-unsplash\" src=\"https:\/\/mentalhealthcounseling.at\/wp-content\/uploads\/2024\/02\/nadine-shaabana-DRzYMtae-vA-unsplash.webp\" alt=\"nadine-shaabana-DRzYMtae-vA-unsplash\" width=\"640\" height=\"427\" \/> <img decoding=\"async\" src=\"https:\/\/mentalhealthcounseling.at\/wp-content\/plugins\/bb-plugin\/img\/pixel.png\" alt=\"\" \/><\/p>\r\n<h3>Keine Gedankenkreisen mehr \/\/<\/h3>\r\n<p>The relentless demands of a fast-paced life can lead to a barrage of thoughts that disrupt your focus and productivity. Together, we&#8217;ll explore effective strategies to manage and quiet these racing thoughts, allowing you to regain control over your mental space. Uncover and challenge negative thought patterns, replacing them with more balanced and constructive ways of thinking.<\/p>\r\n<h3>Lernen Sie effektive Strategien zur Bew\u00e4ltigung der t\u00e4glichen Herausforderungen \/\/<\/h3>\r\n<p>Entwickeln Sie wirksame Probleml\u00f6sungskompetenzen, um die Herausforderungen des Lebens zu meistern, und st\u00e4rken Sie Ihre F\u00e4higkeit, Schwierigkeiten proaktiv zu bew\u00e4ltigen.<\/p>\r\n<p><img loading=\"lazy\" decoding=\"async\" title=\"brands-people-Ax8IA8GAjVg-unsplash\" src=\"https:\/\/mentalhealthcounseling.at\/wp-content\/uploads\/2024\/02\/brands-people-Ax8IA8GAjVg-unsplash.webp\" alt=\"brands-people-Ax8IA8GAjVg-unsplash\" width=\"640\" height=\"433\" \/> <img loading=\"lazy\" decoding=\"async\" title=\"my-approach\" src=\"https:\/\/mentalhealthcounseling.at\/wp-content\/uploads\/2024\/02\/my-approach.webp\" alt=\"my-approach\" width=\"1920\" height=\"1280\" \/> <img decoding=\"async\" src=\"https:\/\/mentalhealthcounseling.at\/wp-content\/plugins\/bb-plugin\/img\/pixel.png\" alt=\"\" \/><\/p>\r\n<h3>Holen Sie sich Ihr Energielevel zur\u00fcck \/\/<\/h3>\r\n<p>As you gain control over your mental health, you&#8217;ll experience a boost in productivity and focus. This positive shift extends beyond the therapeutic space, positively impacting both your personal and professional life.<\/p>\r\n<h3>Dr\u00fccken Sie sich ohne sprachliche oder kulturelle Barrieren aus \/\/<\/h3>\r\n<p>We can all agree that German is not an easy language to master if it is not your mother tongue. Walk into therapy without the burden of worrying if you&#8217;re able to articulate your thoughts and emotions.<\/p>\r\n<p><img loading=\"lazy\" decoding=\"async\" title=\"linkedin-sales-solutions-W3Jl3jREpDY-unsplash\" src=\"https:\/\/mentalhealthcounseling.at\/wp-content\/uploads\/2023\/12\/linkedin-sales-solutions-W3Jl3jREpDY-unsplash.webp\" alt=\"linkedin-sales-solutions-W3Jl3jREpDY-unsplash\" width=\"700\" height=\"467\" \/><\/p>\r\n<p>Mein Ansatz<\/p>\r\n<p>Mein Ansatz ist l\u00f6sungsorientiert und konzentriert sich auf Ihre unmittelbaren Probleme. Ich arbeite an praktischen L\u00f6sungen f\u00fcr Ihre Anliegen mit greifbaren und zeitnahen Ergebnissen. Ich bin der Meinung, dass der therapeutische Prozess kooperativ sein sollte. Daher arbeite ich als Team mit Ihnen zusammen und gehe aktiv auf Ihre individuellen Bed\u00fcrfnisse ein, um eine ermutigende therapeutische Erfahrung zu f\u00f6rdern.<\/p>\r\n<p>Sind Sie bereit, sich auf eine Reise der positiven Ver\u00e4nderung zu begeben?<\/p>\r\n<p>&#8220;You can&#8217;t go back and change the beginning, but you can start where you are and change the ending.&#8221; -C.S. Lewis.<\/p>\r\n<p>Step 1: Let&#8217;s get to know each other<\/p>\r\n<p>In our initial session, share your personal journey, past experiences, current hurdles, and emotional aspirations. I&#8217;ll actively listen, ask thoughtful questions, and collaborate to understand your needs, fostering a space where trust, emotions, and motivation guide your path to growth and healing.<\/p>\r\n<p>Schritt 2: Gemeinsam Ziele definieren<\/p>\r\n<p>Nachdem wir uns ein Bild von Ihrem Hintergrund und Ihren Herausforderungen gemacht haben, legen wir gemeinsam klare, messbare und erreichbare Ziele fest, die auf Ihre pers\u00f6nlichen Entwicklungsw\u00fcnsche abgestimmt sind. Diese Ziele dienen als Fahrplan, an dem sich unsere Diskussionen und Interventionen f\u00fcr positive Ver\u00e4nderungen orientieren.<\/p>\r\n<p>Schritt 3: Therapieplan<\/p>\r\n<p>Anhand der festgelegten Ziele erstellen wir einen individuellen Therapieplan, der auf Ihre Bed\u00fcrfnisse zugeschnitten ist. Darin werden Strategien, Interventionen und flexible Modalit\u00e4ten, wie z. B. kognitive Verhaltenstherapie, beschrieben, die bei Bedarf angepasst werden, um eine kontinuierliche Wirksamkeit zu gew\u00e4hrleisten.<\/p>\r\n<p>Schritt 4: Der Ablauf<\/p>\r\n<p>Von nun an bringe ich meine Erfahrung und mein Fachwissen als Therapeut ein, und Sie bringen Ihre Motivation mit, die therapeutischen Strategien umzusetzen, und wir arbeiten auf die gemeinsam festgelegten Ziele hin.<\/p>\r\n<p>Schritt 5: Feedback-Schleife<\/p>\r\n<p>Ich f\u00f6rdere eine offene Kommunikation, um Ihre Bed\u00fcrfnisse zu erf\u00fcllen und Ihre Fortschritte zu verfolgen. Teilen Sie Ihre Gedanken und Gef\u00fchle mit, schlagen Sie Anpassungen vor, und unterziehen Sie sich laufenden Evaluierungen, um Erfolge zu feiern und den Plan bei Bedarf zu verfeinern.<\/p>\r\n<p><img loading=\"lazy\" decoding=\"async\" title=\"contact\" src=\"https:\/\/mentalhealthcounseling.at\/wp-content\/uploads\/2023\/12\/contact.webp\" alt=\"contact\" width=\"1920\" height=\"1080\" \/><\/p>\r\n<p>In jeder Phase des Prozesses bin ich bestrebt, Ihnen einen sicheren, vertraulichen Raum f\u00fcr Ihre einzigartige Reise zu bieten. Indem ich meinen Ansatz auf Ihre Bed\u00fcrfnisse zuschneide, lade ich Sie ein, den ersten Schritt in Richtung Selbstentdeckung und pers\u00f6nliche Entwicklung zu machen.<\/p>\r\n<p>Vereinbaren Sie einen Termin f\u00fcr Ihre erste Sitzung und beginnen Sie Ihre transformative Reise zu einem ges\u00fcnderen, erf\u00fcllteren Leben.<\/p>\r\n<p>Sind Sie bereit f\u00fcr die therapeutische Reise?<\/p>\r\n<p><a href=\"\/de\/contact\/\" target=\"_self\" rel=\"noopener\"> Machen Sie den ersten Schritt! <\/a><\/p>","protected":false},"excerpt":{"rendered":"<p>therapy Lets reshape your mind and rewrite your story. Embarking on the journey of psychotherapy is a courageous step towards personal growth and well-being. At my practice, I am committed to providing a supportive and empathetic environment for individuals seeking to explore their thoughts, emotions, and behaviors. Psychotherapy guides you through a transformative experience, fostering&hellip;<\/p>","protected":false},"author":2,"featured_media":0,"parent":0,"menu_order":0,"comment_status":"closed","ping_status":"closed","template":"","meta":{"footnotes":""},"class_list":["post-290","page","type-page","status-publish","hentry"],"_links":{"self":[{"href":"https:\/\/mentalhealthcounseling.at\/de\/wp-json\/wp\/v2\/pages\/290","targetHints":{"allow":["GET"]}}],"collection":[{"href":"https:\/\/mentalhealthcounseling.at\/de\/wp-json\/wp\/v2\/pages"}],"about":[{"href":"https:\/\/mentalhealthcounseling.at\/de\/wp-json\/wp\/v2\/types\/page"}],"author":[{"embeddable":true,"href":"https:\/\/mentalhealthcounseling.at\/de\/wp-json\/wp\/v2\/users\/2"}],"replies":[{"embeddable":true,"href":"https:\/\/mentalhealthcounseling.at\/de\/wp-json\/wp\/v2\/comments?post=290"}],"version-history":[{"count":17,"href":"https:\/\/mentalhealthcounseling.at\/de\/wp-json\/wp\/v2\/pages\/290\/revisions"}],"predecessor-version":[{"id":373,"href":"https:\/\/mentalhealthcounseling.at\/de\/wp-json\/wp\/v2\/pages\/290\/revisions\/373"}],"wp:attachment":[{"href":"https:\/\/mentalhealthcounseling.at\/de\/wp-json\/wp\/v2\/media?parent=290"}],"curies":[{"name":"wp","href":"https:\/\/api.w.org\/{rel}","templated":true}]}}