{"id":14,"date":"2022-08-17T10:46:02","date_gmt":"2022-08-17T08:46:02","guid":{"rendered":"https:\/\/mptemp02.amore.raidberry.com\/?page_id=14"},"modified":"2025-04-10T14:33:03","modified_gmt":"2025-04-10T12:33:03","slug":"home","status":"publish","type":"page","link":"https:\/\/mentalhealthcounseling.at\/de\/","title":{"rendered":"Home"},"content":{"rendered":"<p>Nimm deine psychische Gesundheit in die Hand.<\/p>\r\n<p>Deine Narben erz\u00e4hlen eine Geschichte des \u00dcberlebens.<\/p>\r\n<p>Heilung ist eine Reise, und jeder Schritt nach vorn ist ein Sieg.<\/p>\r\n<p><strong>F\u00e4llt es dir schwer,<\/strong> die dysfunktionalen Muster in deinem Leben zu durchbrechen?<\/p>\r\n<p><strong>Behindern Sorgen<\/strong> \u00fcber die Zukunft oder vergangene Ereignisse deine F\u00e4higkeit, pr\u00e4sent und konzentriert zu sein?<\/p>\r\n<p><strong>Wirken sich Stress und Angst<\/strong> k\u00f6rperlich auf Ihr allgemeines Wohlbefinden aus?<\/p>\r\n<p><strong>F\u00fchlen Sie<\/strong> sich einsam und allein gelassen?<\/p>\r\n<p><strong>Sind kulturelle oder sprachliche Barrieren<\/strong> ein zus\u00e4tzliches Hindernis bei der Suche nach Hilfe, die Sie ben\u00f6tigen?<\/p>\r\n<p><strong>F\u00fchlen sich Beziehungen<\/strong> und Interaktionen mit Menschen <strong>anstrengend an<\/strong> und kosten Sie viel Energie?<\/p>\r\n<p>Haben Sie h\u00e4ufig <strong>das Gef\u00fchl, dass Sie zu viel nachdenken?<\/strong>?<\/p>\r\n<p>Wenn die Antwort ja lautet,<br \/>Psychotherapie kann Ihnen helfen, Ihre Geschichte neu zu schreiben.<\/p>\r\n<p>As a dedicated native English speaking psychotherapist, (in training under Supervision) I am here to provide tailored support to address the unique issues you face. Embark on a path toward healing and personal growth. I&#8217;m here to provide the support and guidance you need to navigate the complexities of mental health, especially as an expat in Vienna. Together, we&#8217;ll work towards a more balanced and fulfilling life.<\/p>\r\n<p>Take the first step towards a healthier mind. Contact me to schedule a consultation and let&#8217;s embark on this life changing journey together<\/p>\r\n<p>Ihre psychische Gesundheit ist wichtig:<\/p>\r\n<p>Setzen Sie einen Schritt in Richtung nachhaltiger Ver\u00e4nderung<\/p>\r\n<p><img loading=\"lazy\" decoding=\"async\" title=\"your-health-matters-square\" src=\"https:\/\/mentalhealthcounseling.at\/wp-content\/uploads\/2024\/02\/your-health-matters-square.webp\" alt=\"your-health-matters-square\" width=\"1200\" height=\"1200\" \/><\/p>","protected":false},"excerpt":{"rendered":"<p>Take charge of your mental health with Psychotherapy in English. Your scars tell a story of survival. Healing is a journey, and every step forward is a victory. Do you find it difficult to break the dysfunctional patterns in your life? Do worries about the future or past events hinder your ability to be present&hellip;<\/p>","protected":false},"author":2,"featured_media":0,"parent":0,"menu_order":0,"comment_status":"closed","ping_status":"closed","template":"","meta":{"footnotes":""},"class_list":["post-14","page","type-page","status-publish","hentry"],"_links":{"self":[{"href":"https:\/\/mentalhealthcounseling.at\/de\/wp-json\/wp\/v2\/pages\/14","targetHints":{"allow":["GET"]}}],"collection":[{"href":"https:\/\/mentalhealthcounseling.at\/de\/wp-json\/wp\/v2\/pages"}],"about":[{"href":"https:\/\/mentalhealthcounseling.at\/de\/wp-json\/wp\/v2\/types\/page"}],"author":[{"embeddable":true,"href":"https:\/\/mentalhealthcounseling.at\/de\/wp-json\/wp\/v2\/users\/2"}],"replies":[{"embeddable":true,"href":"https:\/\/mentalhealthcounseling.at\/de\/wp-json\/wp\/v2\/comments?post=14"}],"version-history":[{"count":47,"href":"https:\/\/mentalhealthcounseling.at\/de\/wp-json\/wp\/v2\/pages\/14\/revisions"}],"predecessor-version":[{"id":369,"href":"https:\/\/mentalhealthcounseling.at\/de\/wp-json\/wp\/v2\/pages\/14\/revisions\/369"}],"wp:attachment":[{"href":"https:\/\/mentalhealthcounseling.at\/de\/wp-json\/wp\/v2\/media?parent=14"}],"curies":[{"name":"wp","href":"https:\/\/api.w.org\/{rel}","templated":true}]}}